{"id":12951,"date":"2025-09-17T09:28:49","date_gmt":"2025-09-17T08:28:49","guid":{"rendered":"https:\/\/www.kassarollenshop.nl\/shop\/?page_id=12951"},"modified":"2025-09-22T11:00:58","modified_gmt":"2025-09-22T10:00:58","slug":"sos-alarmering-hoe-werkt-het","status":"publish","type":"page","link":"https:\/\/www.kassarollenshop.nl\/shop\/sos-alarmering-hoe-werkt-het\/","title":{"rendered":"SOS ALARMERING hoe werkt het"},"content":{"rendered":"\n<p>Met de&nbsp;<strong>SOS Oproepfunctie<\/strong>&nbsp;ben je nooit alleen in een noodsituatie. E\u00e9n druk op de knop is voldoende om direct contact te maken met de personen die voor jou belangrijk zijn.<\/p>\n\n\n\n<h3 class=\"wp-block-heading\">&nbsp;Hoe werkt het?<\/h3>\n\n\n\n<p>Wanneer de gebruiker de&nbsp;<strong>SOS-knop<\/strong>&nbsp;enkele seconden ingedrukt houdt:<\/p>\n\n\n\n<ol class=\"wp-block-list\">\n<li><strong>De alarmknop belt automatisch<\/strong>&nbsp;naar maximaal 10 vooraf ingestelde noodnummers. Via een gesproken melding en een trilsignaal weet de gebruiker dat de noodoproep gestart is.<\/li>\n\n\n\n<li>Het apparaat belt deze vooraf ingestelde nummers&nbsp;<strong>\u00e9\u00e9n voor \u00e9\u00e9n<\/strong>&nbsp;totdat er iemand opneemt.<\/li>\n\n\n\n<li>Zodra er wordt opgenomen, wordt er een&nbsp;<strong>tweerichtingsgesprek<\/strong>&nbsp;gestart via de ingebouwde luidspreker en microfoon.<\/li>\n\n\n\n<li>De ontvanger ziet het 06-nummer van de SOS-knop. En kan deze dus opslaan in zijn telefoonboek, zodat direct duidelijk is dat het om een noodgeval gaat.<br>Na het aannemen van de oproep komt de ontvanger via het tweerichtingsgesprek in contact met de gebruiker.<\/li>\n\n\n\n<li> Bij het versturen van de SOS-oproep stuurt het apparaat gelijktijdig een\u00a0<strong>sms met de actuele locatie<\/strong>\u00a0(Google Maps-link) naar de ingestelde contactpersonen. Zo weten zij meteen\u00a0<strong>waar<\/strong>\u00a0hulp nodig is.<\/li>\n<\/ol>\n\n\n\n<h3 class=\"wp-block-heading\"><strong><strong>Realtime locatie bepaling<\/strong>\u2013\u00a0<\/strong>zekerheid in uw handpalm.<\/h3>\n\n\n\n<p>Met deze extra optie kunt u op elk gewenst moment de locatie van het SOS-alarm en dus de drager opvragen.<\/p>\n\n\n\n<h4 class=\"wp-block-heading\">\u00a0Hoe werkt het?<\/h4>\n\n\n\n<p><\/p>\n\n\n\n<p>Via de app of website kan de gebruiker een locatie opvragen. Deze word direct weergegeven op een kaart van de omgeving<\/p>\n\n\n\n<ul class=\"wp-block-list\">\n<li>Voor gebruik van deze functie geld een extra maandbedrag van \u20ac4,50<\/li>\n<\/ul>\n\n\n\n<p><strong>Snel precies weten waar u zich bevind!<\/strong><\/p>\n\n\n\n<p><strong>&nbsp;Realtime locatie bepaling\u2013&nbsp;<\/strong>zekerheid in uw handpalm.<\/p>\n\n\n\n<figure class=\"wp-block-image\"><img decoding=\"async\" src=\"https:\/\/zorgalarmvoorthuis.nl\/wp-content\/uploads\/2025\/08\/rtloc-1024x683.jpg\" alt=\"\" class=\"wp-image-602\"\/><\/figure>\n\n\n\n<p><\/p>\n\n\n\n<h4 class=\"wp-block-heading\">&nbsp;<\/h4>\n\n\n\n<p><\/p>\n","protected":false},"excerpt":{"rendered":"<p>Met de&nbsp;SOS Oproepfunctie&nbsp;ben je nooit alleen in een noodsituatie. E\u00e9n druk op de knop is voldoende om direct contact te<\/p>\n","protected":false},"author":2,"featured_media":0,"parent":0,"menu_order":0,"comment_status":"closed","ping_status":"closed","template":"","meta":{"footnotes":""},"class_list":["post-12951","page","type-page","status-publish","hentry"],"_links":{"self":[{"href":"https:\/\/www.kassarollenshop.nl\/shop\/wp-json\/wp\/v2\/pages\/12951","targetHints":{"allow":["GET"]}}],"collection":[{"href":"https:\/\/www.kassarollenshop.nl\/shop\/wp-json\/wp\/v2\/pages"}],"about":[{"href":"https:\/\/www.kassarollenshop.nl\/shop\/wp-json\/wp\/v2\/types\/page"}],"author":[{"embeddable":true,"href":"https:\/\/www.kassarollenshop.nl\/shop\/wp-json\/wp\/v2\/users\/2"}],"replies":[{"embeddable":true,"href":"https:\/\/www.kassarollenshop.nl\/shop\/wp-json\/wp\/v2\/comments?post=12951"}],"version-history":[{"count":3,"href":"https:\/\/www.kassarollenshop.nl\/shop\/wp-json\/wp\/v2\/pages\/12951\/revisions"}],"predecessor-version":[{"id":12966,"href":"https:\/\/www.kassarollenshop.nl\/shop\/wp-json\/wp\/v2\/pages\/12951\/revisions\/12966"}],"wp:attachment":[{"href":"https:\/\/www.kassarollenshop.nl\/shop\/wp-json\/wp\/v2\/media?parent=12951"}],"curies":[{"name":"wp","href":"https:\/\/api.w.org\/{rel}","templated":true}]}}