{"id":14057,"date":"2026-03-09T13:32:24","date_gmt":"2026-03-09T12:32:24","guid":{"rendered":"https:\/\/www.kassarollenshop.nl\/shop\/?post_type=product&#038;p=14057"},"modified":"2026-03-09T13:41:19","modified_gmt":"2026-03-09T12:41:19","slug":"imin-falcon2-tablet-11","status":"publish","type":"product","link":"https:\/\/www.kassarollenshop.nl\/shop\/product\/imin-falcon2-tablet-11\/","title":{"rendered":"Imin falcon2 tablet 11&#8243;"},"content":{"rendered":"<div class=\"page-title__brand\"><img decoding=\"async\" src=\"https:\/\/www.reda.nl\/static\/version1764833697\/frontend\/Creativesteps\/reda-new\/nl_NL\/images\/logos\/imin.png\" alt=\"Imin\" \/><\/div>\n<div class=\"page-title-wrapper product\">\n<h1 class=\"page-title\"><span class=\"base\" data-ui-id=\"page-title-wrapper\">Imin falcon2 tablet 11&#8243;<\/span><\/h1>\n<\/div>\n<p><strong>Inclusief docking<\/strong><\/p>\n","protected":false},"excerpt":{"rendered":"<div class=\"page-title-wrapper product\">\n<div class=\"page-title-wrapper product\"><\/div>\n<\/div>\n<div class=\"page-title__brand\"><img decoding=\"async\" src=\"https:\/\/www.reda.nl\/static\/version1764833697\/frontend\/Creativesteps\/reda-new\/nl_NL\/images\/logos\/imin.png\" alt=\"Imin\" \/><\/div>\n<div class=\"page-title-wrapper product\">\n<h1 class=\"page-title\"><span class=\"base\" data-ui-id=\"page-title-wrapper\">Imin falcon2 tablet 11&#8243;<\/span><\/h1>\n<\/div>\n<p><strong>Inclusief docking<\/strong><\/p>\n<p>iMin Falcon 2 \u2013 Flexibel, slim en overal inzetbaar<\/p>\n<p>De iMin Falcon 2 is d\u00e9 ideale alles-in-\u00e9\u00e9n oplossing voor elke branche.<\/p>\n<p>Dankzij het afneembare tablet kun je eenvoudig bestellingen opnemen waar je maar wilt\u2014aan tafel, in de winkel of onderweg.<\/p>\n<p>Zodra je de tablet terugplaatst op het dockingstation, wordt automatisch een strakke 80mm klantenbon geprint.<\/p>\n<p>In combinatie met onze FactoryPOS software vormt de Falcon 2 een compleet, gebruiksvriendelijk en razendsnel kassasysteem voor horeca, retail en maaltijdbezorging. Effici\u00ebntie en flexibiliteit in \u00e9\u00e9n krachtig device.<\/p>\n<h4>Garantieperiode<\/h4>\n<p>Alle producten van worden ontwikkeld conform strenge kwaliteits- en veiligheidsnormen. Wij bieden standaard 1 jaar garantie op producten. In deze garantieperiode worden defecte onderdelen vervangen en hoeft u niet te rekenen op extra kosten. Additioneel kunt u op diverse producten een GarantiePlus+ pakket afsluiten zodoende dat uw garantieperiode 2 of 3 jaar betreft, neem hiervoor even contact met ons op .<\/p>\n<p>&nbsp;<\/p>\n","protected":false},"featured_media":14061,"comment_status":"open","ping_status":"closed","template":"","meta":[],"product_brand":[],"product_cat":[2734],"product_tag":[591,2736,2735,2737,660],"class_list":{"0":"post-14057","1":"product","2":"type-product","3":"status-publish","4":"has-post-thumbnail","6":"product_cat-imin","7":"product_tag-android","8":"product_tag-falcon","9":"product_tag-imin","10":"product_tag-imin-falcon2","11":"product_tag-pos-systeem","12":"product_shipping_class-std","14":"first","15":"instock","16":"taxable","17":"shipping-taxable","18":"purchasable","19":"product-type-simple"},"_links":{"self":[{"href":"https:\/\/www.kassarollenshop.nl\/shop\/wp-json\/wp\/v2\/product\/14057","targetHints":{"allow":["GET"]}}],"collection":[{"href":"https:\/\/www.kassarollenshop.nl\/shop\/wp-json\/wp\/v2\/product"}],"about":[{"href":"https:\/\/www.kassarollenshop.nl\/shop\/wp-json\/wp\/v2\/types\/product"}],"replies":[{"embeddable":true,"href":"https:\/\/www.kassarollenshop.nl\/shop\/wp-json\/wp\/v2\/comments?post=14057"}],"wp:featuredmedia":[{"embeddable":true,"href":"https:\/\/www.kassarollenshop.nl\/shop\/wp-json\/wp\/v2\/media\/14061"}],"wp:attachment":[{"href":"https:\/\/www.kassarollenshop.nl\/shop\/wp-json\/wp\/v2\/media?parent=14057"}],"wp:term":[{"taxonomy":"product_brand","embeddable":true,"href":"https:\/\/www.kassarollenshop.nl\/shop\/wp-json\/wp\/v2\/product_brand?post=14057"},{"taxonomy":"product_cat","embeddable":true,"href":"https:\/\/www.kassarollenshop.nl\/shop\/wp-json\/wp\/v2\/product_cat?post=14057"},{"taxonomy":"product_tag","embeddable":true,"href":"https:\/\/www.kassarollenshop.nl\/shop\/wp-json\/wp\/v2\/product_tag?post=14057"}],"curies":[{"name":"wp","href":"https:\/\/api.w.org\/{rel}","templated":true}]}}