{"id":14069,"date":"2026-03-09T13:51:05","date_gmt":"2026-03-09T12:51:05","guid":{"rendered":"https:\/\/www.kassarollenshop.nl\/shop\/?post_type=product&#038;p=14069"},"modified":"2026-03-09T13:55:34","modified_gmt":"2026-03-09T12:55:34","slug":"touchscreen-imin-d4","status":"publish","type":"product","link":"https:\/\/www.kassarollenshop.nl\/shop\/product\/touchscreen-imin-d4\/","title":{"rendered":"Touchscreen iMin D4"},"content":{"rendered":"<div class=\"page-title__brand\"><img decoding=\"async\" src=\"https:\/\/www.reda.nl\/static\/version1764833697\/frontend\/Creativesteps\/reda-new\/nl_NL\/images\/logos\/imin.png\" alt=\"Imin\" \/><\/div>\n<div>\n<div class=\"attributes-group \"><span class=\"group-name\"><strong>Fabrikant<\/strong><\/span><\/p>\n<table class=\"table\">\n<tbody>\n<tr>\n<th>Leverancier<\/th>\n<td>Imin<\/td>\n<\/tr>\n<\/tbody>\n<\/table>\n<\/div>\n<div class=\"attributes-group last\"><span class=\"group-name\"><strong>Systeeminformatie<\/strong><\/span><\/p>\n<table class=\"table\">\n<tbody>\n<tr>\n<th>Productlijn<\/th>\n<td>i-Min<\/td>\n<\/tr>\n<tr>\n<th>Processor<\/th>\n<td>ARM Cortex<\/td>\n<\/tr>\n<tr>\n<th>Processor kernen<\/th>\n<td>(4) Quad core<\/td>\n<\/tr>\n<tr>\n<th>Opslag<\/th>\n<td>64GB SSD<\/td>\n<\/tr>\n<\/tbody>\n<\/table>\n<\/div>\n<div class=\"attributes-group \"><span class=\"group-name\"><strong>Scherm<\/strong><\/span><\/p>\n<table class=\"table\">\n<tbody>\n<tr>\n<th>Schermdiagonaal<\/th>\n<td>16:9<\/td>\n<\/tr>\n<tr>\n<th>Touch<\/th>\n<td>Capacitive Touch Screen,Multi Touch Screen<\/td>\n<\/tr>\n<tr>\n<th>Resolutie<\/th>\n<td>1920 x 1080<\/td>\n<\/tr>\n<\/tbody>\n<\/table>\n<\/div>\n<div class=\"attributes-group last\"><span class=\"group-name\"><strong>Poorten<\/strong><\/span><\/p>\n<table class=\"table\">\n<tbody>\n<tr>\n<th>USB poorten<\/th>\n<td>USB Type A (5x)<\/td>\n<\/tr>\n<tr>\n<th>Seri\u00eble poorten<\/th>\n<td>1 x RJ11, 1 x RJ12x1, 1 x RJ45<\/td>\n<\/tr>\n<tr>\n<th>Ethernetpoorten<\/th>\n<td>100M<\/td>\n<\/tr>\n<tr>\n<th>Aansluiting kassalade<\/th>\n<td>RJ-11\/12<\/td>\n<\/tr>\n<\/tbody>\n<\/table>\n<\/div>\n<div class=\"attributes-group \"><span class=\"group-name\"><strong>Interface<\/strong><\/span><\/p>\n<table class=\"table\">\n<tbody>\n<tr>\n<th>Serieel<\/th>\n<td>0.00<\/td>\n<\/tr>\n<tr>\n<th>LAN<\/th>\n<td>1x<\/td>\n<\/tr>\n<tr>\n<th>HDMI<\/th>\n<td>0.00<\/td>\n<\/tr>\n<tr>\n<th>Kassalade<\/th>\n<td>1.00<\/td>\n<\/tr>\n<tr>\n<th>Audio<\/th>\n<td>3.5mm Audio Jack<\/td>\n<\/tr>\n<\/tbody>\n<\/table>\n<\/div>\n<div class=\"attributes-group last\"><span class=\"group-name\"><strong>Voeding<\/strong><\/span><\/p>\n<table class=\"table\">\n<tbody>\n<tr>\n<th>Adapter<\/th>\n<td>&#8211;<\/td>\n<\/tr>\n<tr>\n<th>Input \/ output<\/th>\n<td>Input\uff1a100-240Vac Output\uff1a24Vdc 2.5A<\/td>\n<\/tr>\n<\/tbody>\n<\/table>\n<\/div>\n<\/div>\n","protected":false},"excerpt":{"rendered":"<div class=\"page-title-wrapper product\"><\/div>\n<div class=\"page-title__brand\"><img decoding=\"async\" src=\"https:\/\/www.reda.nl\/static\/version1764833697\/frontend\/Creativesteps\/reda-new\/nl_NL\/images\/logos\/imin.png\" alt=\"Imin\" \/><\/div>\n<div class=\"page-title-wrapper product\">\n<h1 class=\"page-title\"><span class=\"base\" data-ui-id=\"page-title-wrapper\">Touchscreen iMin D4<\/span><\/h1>\n<\/div>\n<p><strong>15,6 inch met quad-core<\/strong><\/p>\n<p>Ontdek de iMin D4, de ultieme krachtige en veelzijdige desktop-POS-oplossing voor bedrijven in de retail en horeca. Met zijn indrukwekkende functies en robuuste prestaties zal het je verwachtingen overtreffen. De iMin D4 is uitgerust met een ingebouwde (automatische) 80MM bonprinter, die met een snelheid van 250MM per seconde bonnen afdrukt. Geen gedoe meer met externe printers of wachttijden bij het uitprinten van bonnen. Met deze snelle en effici\u00ebnte printer ben je verzekerd van een vlotte afhandeling van transacties. De quad-core processor van de iMin D4 zorgt voor de ultieme kloksnelheid en biedt onge\u00ebvenaarde prestaties. Hierdoor profiteer je van een hoge werksnelheid en vlotte takenverwerking. Met een ruim intern werkgeheugen en een grote opslagcapaciteit kun je moeiteloos grote hoeveelheden gegevens beheren en snel schakelen tussen verschillende applicaties. Naast zijn krachtige prestaties is de iMin D4 ook gebouwd om lang mee te gaan. Met een stevige behuizing van 8MM aluminium is deze desktop-POS-oplossing duurzaam en bestand tegen dagelijks gebruik in drukke retail- en horecaomgevingen. Je kunt vertrouwen op de betrouwbaarheid en robuustheid van de iMin D4, zelfs tijdens piekuren. Daarnaast biedt de iMin D4 moeiteloze connectiviteit met externe hardware, zoals betaalterminals, kassalades en barcodescanners. Het is gemakkelijk om al je essenti\u00eble apparatuur aan te sluiten en een ge\u00efntegreerde en effici\u00ebnte werkplek te cre\u00ebren.<\/p>\n<p>Kortom, de iMin D4 is de ultieme keuze voor bedrijven die streven naar effici\u00ebntie, snelheid en duurzaamheid. Met zijn krachtige specificaties en veelzijdige connectiviteit is dit de perfecte desktop-POS-oplossing voor jouw bedrijf. Ervaar de toekomst van point-of-sale met de iMin D4.<\/p>\n<h4>Garantieperiode<\/h4>\n<p>Alle producten van worden ontwikkeld conform strenge kwaliteits- en veiligheidsnormen. Wij bieden standaard 1 jaar garantie op producten. In deze garantieperiode worden defecte onderdelen vervangen en hoeft u niet te rekenen op extra kosten. Additioneel kunt u op diverse producten een GarantiePlus+ pakket afsluiten zodoende dat uw garantieperiode 2 of 3 jaar betreft, neem hiervoor even contact met ons op .<\/p>\n<p>&nbsp;<\/p>\n","protected":false},"featured_media":14056,"comment_status":"open","ping_status":"closed","template":"","meta":[],"product_brand":[],"product_cat":[2734],"product_tag":[591,2736,2735,2739,2737,660],"class_list":{"0":"post-14069","1":"product","2":"type-product","3":"status-publish","4":"has-post-thumbnail","6":"product_cat-imin","7":"product_tag-android","8":"product_tag-falcon","9":"product_tag-imin","10":"product_tag-imin-d4","11":"product_tag-imin-falcon2","12":"product_tag-pos-systeem","13":"product_shipping_class-std","15":"first","16":"instock","17":"taxable","18":"shipping-taxable","19":"purchasable","20":"product-type-simple"},"_links":{"self":[{"href":"https:\/\/www.kassarollenshop.nl\/shop\/wp-json\/wp\/v2\/product\/14069","targetHints":{"allow":["GET"]}}],"collection":[{"href":"https:\/\/www.kassarollenshop.nl\/shop\/wp-json\/wp\/v2\/product"}],"about":[{"href":"https:\/\/www.kassarollenshop.nl\/shop\/wp-json\/wp\/v2\/types\/product"}],"replies":[{"embeddable":true,"href":"https:\/\/www.kassarollenshop.nl\/shop\/wp-json\/wp\/v2\/comments?post=14069"}],"wp:featuredmedia":[{"embeddable":true,"href":"https:\/\/www.kassarollenshop.nl\/shop\/wp-json\/wp\/v2\/media\/14056"}],"wp:attachment":[{"href":"https:\/\/www.kassarollenshop.nl\/shop\/wp-json\/wp\/v2\/media?parent=14069"}],"wp:term":[{"taxonomy":"product_brand","embeddable":true,"href":"https:\/\/www.kassarollenshop.nl\/shop\/wp-json\/wp\/v2\/product_brand?post=14069"},{"taxonomy":"product_cat","embeddable":true,"href":"https:\/\/www.kassarollenshop.nl\/shop\/wp-json\/wp\/v2\/product_cat?post=14069"},{"taxonomy":"product_tag","embeddable":true,"href":"https:\/\/www.kassarollenshop.nl\/shop\/wp-json\/wp\/v2\/product_tag?post=14069"}],"curies":[{"name":"wp","href":"https:\/\/api.w.org\/{rel}","templated":true}]}}