{"id":14104,"date":"2026-03-10T14:25:03","date_gmt":"2026-03-10T13:25:03","guid":{"rendered":"https:\/\/www.kassarollenshop.nl\/shop\/?post_type=product&#038;p=14104"},"modified":"2026-03-10T14:34:12","modified_gmt":"2026-03-10T13:34:12","slug":"protech-pos-pa-a903","status":"publish","type":"product","link":"https:\/\/www.kassarollenshop.nl\/shop\/product\/protech-pos-pa-a903\/","title":{"rendered":"Protech pos pa-a903"},"content":{"rendered":"<div class=\"attributes-group \">\n<p><span class=\"group-name\"><strong>Fabrikant<\/strong><\/span><\/p>\n<table class=\"table\">\n<tbody>\n<tr>\n<th>Leverancier<\/th>\n<td>Protech<\/td>\n<\/tr>\n<\/tbody>\n<\/table>\n<\/div>\n<div class=\"attributes-group last\">\n<p><span class=\"group-name\"><strong>Systeeminformatie<\/strong><\/span><\/p>\n<table class=\"table\">\n<tbody>\n<tr>\n<th>Productlijn<\/th>\n<td>Protech<\/td>\n<\/tr>\n<tr>\n<th>Processor<\/th>\n<td>Intel celeron<\/td>\n<\/tr>\n<tr>\n<th>Processor kernen<\/th>\n<td><\/td>\n<\/tr>\n<tr>\n<th>Opslag<\/th>\n<td>128GB SSD<\/td>\n<\/tr>\n<\/tbody>\n<\/table>\n<\/div>\n<div class=\"attributes-group \">\n<p><span class=\"group-name\"><strong>Scherm<\/strong><\/span><\/p>\n<table class=\"table\">\n<tbody>\n<tr>\n<th>Schermdiagonaal<\/th>\n<td>15,6 inch<\/td>\n<\/tr>\n<tr>\n<th>Touch<\/th>\n<td><\/td>\n<\/tr>\n<tr>\n<th>Resolutie<\/th>\n<td>1366 x 768<\/td>\n<\/tr>\n<\/tbody>\n<\/table>\n<\/div>\n<div class=\"attributes-group last\">\n<p><span class=\"group-name\"><strong>Poorten<\/strong><\/span><\/p>\n<table class=\"table\">\n<tbody>\n<tr>\n<th>USB poorten<\/th>\n<td>4.00<\/td>\n<\/tr>\n<tr>\n<th>Seri\u00eble poorten<\/th>\n<td><\/td>\n<\/tr>\n<tr>\n<th>Ethernetpoorten<\/th>\n<td><\/td>\n<\/tr>\n<tr>\n<th>Aansluiting kassalade<\/th>\n<td><\/td>\n<\/tr>\n<\/tbody>\n<\/table>\n<\/div>\n<div class=\"attributes-group \">\n<p><span class=\"group-name\"><strong>Interface<\/strong><\/span><\/p>\n<table class=\"table\">\n<tbody>\n<tr>\n<th>Serieel<\/th>\n<td><\/td>\n<\/tr>\n<tr>\n<th>LAN<\/th>\n<td><\/td>\n<\/tr>\n<tr>\n<th>HDMI<\/th>\n<td><\/td>\n<\/tr>\n<tr>\n<th>Kassalade<\/th>\n<td><\/td>\n<\/tr>\n<tr>\n<th>Audio<\/th>\n<td><\/td>\n<\/tr>\n<\/tbody>\n<\/table>\n<\/div>\n<div class=\"attributes-group last\">\n<p><span class=\"group-name\"><strong>Voeding<\/strong><\/span><\/p>\n<table class=\"table\">\n<tbody>\n<tr>\n<th>Adapter<\/th>\n<td><\/td>\n<\/tr>\n<tr>\n<th>Input \/ output<\/th>\n<td><\/td>\n<\/tr>\n<\/tbody>\n<\/table>\n<\/div>\n","protected":false},"excerpt":{"rendered":"<div class=\"page-title-wrapper product\">\n<div class=\"page-title__brand\"><img decoding=\"async\" src=\"https:\/\/www.reda.nl\/static\/version1764833697\/frontend\/Creativesteps\/reda-new\/nl_NL\/images\/logos\/protech.png\" alt=\"Protech\" \/><\/div>\n<div class=\"page-title-wrapper product\">\n<h1 class=\"page-title\"><span class=\"base\" data-ui-id=\"page-title-wrapper\">Protech pos pa-a903<\/span><\/h1>\n<p>ProTech A903 POS Systeem \u2013 Krachtig, stijlvol en fluisterstil<\/p>\n<p>&nbsp;<\/p>\n<p>De ProTech A903 is een modern en betrouwbaar POS-systeem dat prestaties en design perfect combineert. Uitgerust met een helder 15,6\u201d true flat touch LCD-scherm zonder randen biedt dit systeem een strakke, professionele uitstraling en eenvoudige reiniging \u2013 ideaal voor retail en horeca.<\/p>\n<p>Dankzij Windows 11 werkt u met de nieuwste software in een vertrouwde omgeving. De ingebouwde bonprinter en het 2 x 20-regelig achterdisplay zorgen voor een complete en effici\u00ebnte kassa-oplossing in \u00e9\u00e9n compact systeem.<\/p>\n<p>De krachtige en energiezuinige Intel Celeron J6412 processor levert snelle prestaties, terwijl het ventilatorvrije ontwerp garant staat voor een stille en onderhoudsarme werking.<\/p>\n<p>Met de ProTech A903 kiest u voor snelheid, betrouwbaarheid en een moderne uitstraling op uw verkooppunt.<\/p>\n<\/div>\n<\/div>\n<h4>Garantieperiode<\/h4>\n<p>Alle producten van worden ontwikkeld conform strenge kwaliteits- en veiligheidsnormen. Wij bieden standaard 1 jaar garantie op producten. In deze garantieperiode worden defecte onderdelen vervangen en hoeft u niet te rekenen op extra kosten. Additioneel kunt u op diverse producten een GarantiePlus+ pakket afsluiten zodoende dat uw garantieperiode 2 of 3 jaar betreft. Voor meer info bel .<\/p>\n<p>&nbsp;<\/p>\n","protected":false},"featured_media":14105,"comment_status":"open","ping_status":"closed","template":"","meta":[],"product_brand":[],"product_cat":[2742],"product_tag":[660,2743,2747,2746,2745,2744],"class_list":{"0":"post-14104","1":"product","2":"type-product","3":"status-publish","4":"has-post-thumbnail","6":"product_cat-protech-systemen","7":"product_tag-pos-systeem","8":"product_tag-protech","9":"product_tag-protech-pos-pa-a903","10":"product_tag-protech-pos-pa-j690-8gb-128ssd","11":"product_tag-protech-sgt-116w","12":"product_tag-sgt-116w","13":"product_shipping_class-std","15":"first","16":"instock","17":"taxable","18":"shipping-taxable","19":"purchasable","20":"product-type-simple"},"_links":{"self":[{"href":"https:\/\/www.kassarollenshop.nl\/shop\/wp-json\/wp\/v2\/product\/14104","targetHints":{"allow":["GET"]}}],"collection":[{"href":"https:\/\/www.kassarollenshop.nl\/shop\/wp-json\/wp\/v2\/product"}],"about":[{"href":"https:\/\/www.kassarollenshop.nl\/shop\/wp-json\/wp\/v2\/types\/product"}],"replies":[{"embeddable":true,"href":"https:\/\/www.kassarollenshop.nl\/shop\/wp-json\/wp\/v2\/comments?post=14104"}],"wp:featuredmedia":[{"embeddable":true,"href":"https:\/\/www.kassarollenshop.nl\/shop\/wp-json\/wp\/v2\/media\/14105"}],"wp:attachment":[{"href":"https:\/\/www.kassarollenshop.nl\/shop\/wp-json\/wp\/v2\/media?parent=14104"}],"wp:term":[{"taxonomy":"product_brand","embeddable":true,"href":"https:\/\/www.kassarollenshop.nl\/shop\/wp-json\/wp\/v2\/product_brand?post=14104"},{"taxonomy":"product_cat","embeddable":true,"href":"https:\/\/www.kassarollenshop.nl\/shop\/wp-json\/wp\/v2\/product_cat?post=14104"},{"taxonomy":"product_tag","embeddable":true,"href":"https:\/\/www.kassarollenshop.nl\/shop\/wp-json\/wp\/v2\/product_tag?post=14104"}],"curies":[{"name":"wp","href":"https:\/\/api.w.org\/{rel}","templated":true}]}}