{"id":8764,"date":"2020-04-06T12:06:25","date_gmt":"2020-04-06T11:06:25","guid":{"rendered":"http:\/\/www.kassarollenshop.nl\/shop\/?post_type=product&#038;p=8764"},"modified":"2026-03-02T10:59:06","modified_gmt":"2026-03-02T09:59:06","slug":"icr-touchcollectionpoint","status":"publish","type":"product","link":"https:\/\/www.kassarollenshop.nl\/shop\/product\/icr-touchcollectionpoint\/","title":{"rendered":"ICR Touch Collectionpoint"},"content":{"rendered":"<h2>ICR Collectionpoint\u00a0 Overzicht in de bestellingen<\/h2>\n<ul>\n<li>Vermelding van verwachte levertijd<\/li>\n<li>Bestellingen die klaar zijn worden weergegeven<\/li>\n<li>Bestelstatus bedienen vanuit TouchPoint<\/li>\n<li>Verschillende achtergronden mogelijk (video, afbeelding)<\/li>\n<\/ul>\n<p>&nbsp;<\/p>\n","protected":false},"excerpt":{"rendered":"<h2>ICR Collectionpoint<\/h2>\n<p>De perfecte weergave van bestellingen direct in \u00e9\u00e9n scherm via collectionpoint. Alle bestellingen worden overzichtelijk weergegeven in \u00e9\u00e9n scherm met verwachte wachttijd van de bestelling. Wanneer een besteling klaar is, kan via Touchpoint aangegeven worden dat de order klaar is. Als de status wordt bijgewerkt, ziet de klant dit direct via het scherm. Door de overzichtelijkheid op het scherm cre\u00ebert Collectionpoint rust in uw bedrijf. Het is mogelijk om op de achtergrond van CollectionPoint een video of afbeelding te tonen. Daarnaast kan een bestelling omgeroepen worden als deze klaar is in de keuken.<\/p>\n<p>&nbsp;<\/p>\n<p>&nbsp;<\/p>\n","protected":false},"featured_media":8765,"comment_status":"open","ping_status":"closed","template":"","meta":[],"product_brand":[],"product_cat":[2719],"product_tag":[2037,2038,600],"class_list":{"0":"post-8764","1":"product","2":"type-product","3":"status-publish","4":"has-post-thumbnail","6":"product_cat-irc-touch","7":"product_tag-icr-software","8":"product_tag-icr-touch","9":"product_tag-software","11":"first","12":"instock","13":"taxable","14":"shipping-taxable","15":"purchasable","16":"product-type-simple"},"_links":{"self":[{"href":"https:\/\/www.kassarollenshop.nl\/shop\/wp-json\/wp\/v2\/product\/8764","targetHints":{"allow":["GET"]}}],"collection":[{"href":"https:\/\/www.kassarollenshop.nl\/shop\/wp-json\/wp\/v2\/product"}],"about":[{"href":"https:\/\/www.kassarollenshop.nl\/shop\/wp-json\/wp\/v2\/types\/product"}],"replies":[{"embeddable":true,"href":"https:\/\/www.kassarollenshop.nl\/shop\/wp-json\/wp\/v2\/comments?post=8764"}],"wp:featuredmedia":[{"embeddable":true,"href":"https:\/\/www.kassarollenshop.nl\/shop\/wp-json\/wp\/v2\/media\/8765"}],"wp:attachment":[{"href":"https:\/\/www.kassarollenshop.nl\/shop\/wp-json\/wp\/v2\/media?parent=8764"}],"wp:term":[{"taxonomy":"product_brand","embeddable":true,"href":"https:\/\/www.kassarollenshop.nl\/shop\/wp-json\/wp\/v2\/product_brand?post=8764"},{"taxonomy":"product_cat","embeddable":true,"href":"https:\/\/www.kassarollenshop.nl\/shop\/wp-json\/wp\/v2\/product_cat?post=8764"},{"taxonomy":"product_tag","embeddable":true,"href":"https:\/\/www.kassarollenshop.nl\/shop\/wp-json\/wp\/v2\/product_tag?post=8764"}],"curies":[{"name":"wp","href":"https:\/\/api.w.org\/{rel}","templated":true}]}}